{"id":25052625,"date":"2020-04-19T16:21:49","date_gmt":"2021-11-03T22:59:49","guid":{"rendered":"https:\/\/vlamix.com\/product\/led-mirror-talija\/"},"modified":"2025-08-01T08:31:59","modified_gmt":"2025-08-01T07:31:59","slug":"led-mirror-talija","status":"publish","type":"product","link":"https:\/\/vlamix.com\/en\/proizvod\/led-mirror-talija\/","title":{"rendered":"LED Mirror Talija"},"content":{"rendered":"","protected":false},"excerpt":{"rendered":"<h3 class=\"text-uppercase\">CALCULATION OF THE PRICE OF LED MIRRORS ACCORDING TO YOUR MEASUREMENTS<\/h3>\n","protected":false},"featured_media":25052818,"template":"","meta":{"_et_pb_use_builder":"off","_et_pb_old_content":"Pored funkcionlnosti, LED ogledala estetski doprinose modernom izgledu kupatila u skladu sa savremenim trendovima u opremanju. LED ogledala su posebno popularna jer pru\u017eaju odli\u010dno osvetljenje kupatila bez obzira na osvetljenost prostorije. Pored nesporne potrebe za ogledalom u kupatilu, LED ogledala svojom funkcijom osvetljenja imaju o\u010diglednu prednost, a dodatno ako se uzme u obzir za postoji i vi\u0161e dezena, jasno je da LED ogledala postaju naj\u010de\u0161\u0107i izbor kupaca. U ponudi je i vi\u0161e oblika ogledala, kako bi se uklopilo u svako kupatilo.\r\n\r\n* <strong>Ugradnja nije ura\u010dunata u cenu. Svaki dogovor mogu\u0107.<\/strong>\r\n\r\n* Slike su informativnog karaktera. Oblik ogledala zavisi od odabrane dimenzije. Touch senzor i\/ili dodatna oprema biraju se u odeljku prekidaci\/senzori. Naknadne reklamacije ne\u0107e biti uvazene.\r\n<h4>Specifikacija<\/h4>\r\n<ul>\r\n \t<li>Dimenzije ogledala: \u0160irina x Visina ( max 1500 x 1500 mm )<\/li>\r\n \t<li>Materijal: Visoko kristalno staklo \u2013 Poreklo iz EU<\/li>\r\n \t<li>Debljina ogledala: 4 mm<\/li>\r\n \t<li>Debljina pozadine ogledala: 20-30mm<\/li>\r\n \t<li>Obrada ivica ogledala: Ma\u0161insko bru\u0161ene i polirane<\/li>\r\n \t<li>Osvetljenje: LED tehnologija<\/li>\r\n \t<li>Trajnost LED osvetljenja I energetski razred: Do 50 000 h \/ energetski razred A<\/li>\r\n \t<li>Stepen za\u0161tite LED osvetljenja: IP44 ; *predvi\u0111eno za kupatilske uslove<\/li>\r\n \t<li>Monta\u017eni dodaci: Da<\/li>\r\n \t<li>Garancija: Da, 2. Godine<\/li>\r\n<\/ul>\r\n<h5>Odabir boje LED osvetljenja prema Va\u0161im potrebama<\/h5>\r\nNapredna LED tehnologija omogu\u0107ava odabir boje osvetljenja prema Va\u0161im potrebama uz u\u0161tedu energije.\r\n<ul>\r\n \t<li>Toplo bela 3000K<\/li>\r\n \t<li>Neutralno bela 4000K<\/li>\r\n \t<li>Hladno bela 6000K<\/li>\r\n<\/ul>\r\n<h5>Klasi\u010dno paljenje \u2013 postoje\u0107i prekida\u010d<\/h5>\r\nElekti\u010dne instalacije predvi\u0111ene za LED ogledalo spojene su na postoje\u0107i prekida\u010d u prostoriji. (Prekida\u010di ispred ulaska u kupatilo ili poseban prekida\u010d unutar kupatila ili neke druge prostorije).\r\n<h5>Touch \u2013 Senzor dodira<\/h5>\r\nSenzor dodira ugra\u0111uje se u donjem delu ogledala, na sredini. Senzor sadr\u017ei ON\/OFF funkciju za paljenje osvetljenja. Mogu\u0107nost promene inteziteta svetlosti dr\u017eanjem prsta na unapred definisianom mestu. Boja touch tastera sa prednje strane je 4000k. Dimezija touch tastera je 20x20mm.\r\n<h5>Antifog Greja\u010d (protiv magljenja)<\/h5>\r\nAntifog greja\u010d spre\u010dava zamagljivanje ogledala tako \u0161to zagreva odre\u0111eni deo povr\u0161ine. Ovaj greja\u010d se postavlja na ogledala koja su dizajnirana za ovu opciju, i obi\u010dno se instalira u sredini ogledala.\r\n<h5>Senzor pokreta tela<\/h5>\r\nSenzor pokreta tela detektuje prisustvo osobe prilaze\u0107i ogledalu na udaljenosti od pribli\u017eno 80 centimetara, \u0161to aktivira osvetljenje. Nakon 30 sekundi od udaljavanja osobe od ogledala, senzor \u0107e automatski isklju\u010diti osvetljenje.\r\n\r\n<strong>Rok izrade ogledala<\/strong>\r\nRok izrade ogledala 8-12 radnih dana.","_et_gb_content_width":""},"product_brand":[],"product_cat":[45],"product_tag":[],"class_list":{"0":"post-25052625","1":"product","2":"type-product","3":"status-publish","4":"has-post-thumbnail","6":"product_cat-led-custom-mirrors","7":"pa_boja-led-svetla-cold-white-6000k","8":"pa_boja-led-svetla-neutral-white-4000k","9":"pa_boja-led-svetla-warm-white-3000k","10":"pa_prekidac-senzor-classic-switch-existing-switch-in-the-room-din-0","12":"first","13":"instock","14":"shipping-taxable","15":"purchasable","16":"product-type-simple"},"_links":{"self":[{"href":"https:\/\/vlamix.com\/en\/wp-json\/wp\/v2\/product\/25052625","targetHints":{"allow":["GET"]}}],"collection":[{"href":"https:\/\/vlamix.com\/en\/wp-json\/wp\/v2\/product"}],"about":[{"href":"https:\/\/vlamix.com\/en\/wp-json\/wp\/v2\/types\/product"}],"wp:featuredmedia":[{"embeddable":true,"href":"https:\/\/vlamix.com\/en\/wp-json\/wp\/v2\/media\/25052818"}],"wp:attachment":[{"href":"https:\/\/vlamix.com\/en\/wp-json\/wp\/v2\/media?parent=25052625"}],"wp:term":[{"taxonomy":"product_brand","embeddable":true,"href":"https:\/\/vlamix.com\/en\/wp-json\/wp\/v2\/product_brand?post=25052625"},{"taxonomy":"product_cat","embeddable":true,"href":"https:\/\/vlamix.com\/en\/wp-json\/wp\/v2\/product_cat?post=25052625"},{"taxonomy":"product_tag","embeddable":true,"href":"https:\/\/vlamix.com\/en\/wp-json\/wp\/v2\/product_tag?post=25052625"}],"curies":[{"name":"wp","href":"https:\/\/api.w.org\/{rel}","templated":true}]}}