{"id":25052870,"date":"2020-04-20T22:13:22","date_gmt":"2020-04-20T21:13:22","guid":{"rendered":"https:\/\/vlamix.com\/?post_type=product&#038;p=25052870"},"modified":"2025-04-20T22:11:49","modified_gmt":"2025-04-20T21:11:49","slug":"led-mirror-niks-copy","status":"publish","type":"product","link":"https:\/\/vlamix.com\/en\/proizvod\/led-mirror-niks-copy\/","title":{"rendered":"LED Mirror Niks (Copy)"},"content":{"rendered":"","protected":false},"excerpt":{"rendered":"<h3 class=\"text-uppercase\">CALCULATION OF THE PRICE OF LED MIRRORS ACCORDING TO YOUR MEASUREMENTS<\/h3>\n","protected":false},"featured_media":25052874,"template":"","meta":{"_et_pb_use_builder":"off","_et_pb_old_content":"<div class=\"pro-details-name\">\r\n<p style=\"font-weight: 400\"><em>*Slike su informativnog karaktera. Oblik ogledala zavisi od odabrane dimenzije. Touch senzor i\/ili dodatna oprema biraju se u odeljku prekidaci\/senzori. Ukoliko niste sigurni pozovite nasu sluzbu prodaje 065\/6347975. Naknadne reklamacije nece biti uvazene.<\/em><\/p>\r\n\r\n<h2 style=\"font-weight: normal !important\">Specifikacija<\/h2>\r\n<p style=\"font-weight: 400\">Dimenzije ogledala:\u00a0\u00a0\u00a0\u0160irina x Visina ( max 1200 x 1200 mm ) Materijal:\u00a0\u00a0 Visoko kristalno staklo \u2013 Poreklo iz EU Debljina ogledala:\u00a0\u00a0\u00a04 mm Debljina pozadine ogledala: \u00a0\u00a020-30mm Obrada \u00a0ivica ogledala:\u00a0\u00a0\u00a0Ma\u0161insko bru\u0161ene i polirane Osvetljenje:\u00a0\u00a0\u00a0LED tehnologija Trajnost LED osvetljenja I energetski razred:\u00a0\u00a0\u00a0Do 50 000 h \/ energetski razred A Snaga osvetljenja: \u00a0\u00a0800 lm\/m ; 120 LED\/m Stepen za\u0161tite LED osvetljenja: \u00a0\u00a0IP44 ; *predvi\u0111eno za kupatilske uslove Monta\u017eni dodaci:\u00a0 \u00a0Da Garancija:\u00a0\u00a0\u00a0Da, 2. Godine<\/p>\r\n\r\n<h5><\/h5>\r\n<p style=\"font-weight: 400\">Odabir boje LED osvetljenja prema Va\u0161im potrebama Napredna LED tehnologija omogu\u0107ava odabir boje osvetljenja prema Va\u0161im potrebama uz u\u0161tedu energije. Toplo bela 3000K , Neutralno bela 4000K , Hladno bela 6000K I 3u1 color 3000K-6000K.<\/p>\r\n<p style=\"font-weight: 400\">3u1 color\u00a0 - Mogucnost menjanja boje osvetljenja od toplo bele 3000K do hladno bele 6000K. Ogledalo moze memosrisati 3 boje osvetljenja uz mogu\u0107nost menjanja inteziteta svetlosti ( Pritiskom I dr\u017eanjem prsta na unapred definisano mesto )<\/p>\r\n<p style=\"font-weight: 400\">Klasi\u010dno paljenje \u2013 postoje\u0107i prekida\u010d Elekti\u010dne instalacije predvi\u0111ene za LED ogledalo spojene su na postoje\u0107i prekida\u010d u prostoriji. (Prekida\u010di ispred ulaska u kupatilo ili poseban prekida\u010d unutar kupatila ili neke druge prostorije).<\/p>\r\n<p style=\"font-weight: 400\">Touch \u2013 Senzor dodira Senzor dodira ugra\u0111uje se u donjem delu ogledala, na sredini. Senzor sadr\u017ei ON\/OFF funkciju\u00a0 za paljenje osvetljenja. Mogu\u0107nost promene inteziteta svetlosti dr\u017eanjem prsta na unapred definisianom mestu. Boja touch tastera sa prednje strane je 4000k. Dimezija touch tastera je 20x20mm.<\/p>\r\n<p style=\"font-weight: 400\">3u1 color\u00a0 - Mogucnost menjanja boje osvetljenja od toplo bele 3000K do hladno bele 6000K. Ogledalo moze memosrisati 3 boje osvetljenja uz mogu\u0107nost menjanja inteziteta svetlosti ( Pritiskom I dr\u017eanjem prsta na unapred definisano mesto )<\/p>\r\n<p style=\"font-weight: 400\">LO set \u2013 Sat\/temperature, greja\u010d I touch za svetlo Ogledalo sa ugra\u0111enim LO setom sadr\u017ei mini dispej koji poseduje rotiraju\u0107i meni sa satom I temperaturom. Tako\u0111e, ogledalo poseduje antifog greja\u010d ( 20x30cm ) koji se aktivira dodirom na nazna\u010deno mesto I touch za paljenje osvetljenja sa mogu\u0107nosti promene inteziteta osvetljenja.<\/p>\r\n<p style=\"font-weight: 400\">Antifog greja\u010d ( Protiv magljenja ) Greja\u010d spre\u010dava zamagljivanje ogledala postepenim zagrevanjem odre\u0111ene povr\u0161ine ( Ne celog ogledala ). Greja\u010d se ugra\u0111uje na ogledala koja u svom sklopu imaju tu opciju. Instalira se na sredini ogledala. Dimenzija folije je 20x30cm ( Mogu\u0107nost ugradnje I ve\u0107eg formata: 30x40cm I 40x60cm \u2013 Na upit ).<\/p>\r\n<p style=\"font-weight: 400\">Bluetooth Opcija Bluetooth u svom setu sadr\u017ei dva zvucnika. Mogu\u0107e je povezati bilo koji ure\u0111aj koji poseduje Blueooth opciju povezivanja. Ovaj mini set mo\u017eete kombinovati sa touch tasteromom ili sa touch tasterom i antifog folijom. Uz mogu\u0107nost biranja boje osvetljenja.<\/p>\r\n<p style=\"font-weight: 400\">Difuzor Mogu\u0107nost dodatka ALU profila sa difuzorom radi sakrivanja LED dioda i ravnomernije raspodele svetlosti. Cena zavisi od dimezije i oblika ogledala. Na upit.<\/p>\r\n<p style=\"font-weight: 400\">Bluetooth panel Ogledalo sa ugra\u0111enim Bluetooth sistemom sadr\u017ei centralni panel na kom su prikazane sve opcije ogledala. Ekran konstantno prikazuje vreme I temperature, kao I svako paljnje\/ga\u0161enje opcija na ogledalu.<\/p>\r\n\r\n<ul style=\"font-weight: 400\">\r\n \t<li>-Touch za svetlo \u2013 Slu\u017ei za paljenje\/ga\u0161enje osvetljenja uz opciju promene intezizeta osvetljenja.<\/li>\r\n<\/ul>\r\n<ul style=\"font-weight: 400\">\r\n \t<li>-Touch za greja\u010d \u2013 Slu\u017ei za paljenje\/ga\u0161enje greja\u010da.<\/li>\r\n<\/ul>\r\n<ul style=\"font-weight: 400\">\r\n \t<li>-Touch za Bluetooth \u2013 Slu\u017ei za paljenje Bluetooth funkcije. Mogu\u0107nost javljanja dodirom na isto dugme kada je ogledalo povezanom sa telefonom. Ga\u0161enje Bluetooth opcije se vr\u0161i pritiskom I dr\u017eanjem ( 3 sekunde ) na ozna\u010denom mestu.<\/li>\r\n<\/ul>\r\n<ul style=\"font-weight: 400\">\r\n \t<li>-Touch Set \u2013 Kada je Bluetooth opcija na ogledalu upaljena pritiskom opcije set mo\u017eete kontrolisati ja\u010dinu zvu\u010dnika (   I - ), kao I menjati muziku (   I - ).<\/li>\r\n<\/ul>\r\n<ul style=\"font-weight: 400\">\r\n \t<li>Detaljno uputstvo.<\/li>\r\n<\/ul>\r\n<p style=\"font-weight: 400\">Preuzimanje I pla\u0107anje Ogledala se mogu preuzeti u na\u0161em izlo\u017ebenom salonu ( Kontakt ) ili se mo\u017ee poslati brzom po\u0161tom, rok dostave 1-2 radna dana ( AKS brza po\u0161ta ).Maksimalna veli\u010dina za slanje brzom postom:\u00a01000mmx1000mm. Za ve\u0107e paketa mogu\u0107e je samo li\u010dno preuzimanje. Pla\u0107anje se vr\u0161i prilikom preuzimanja ogledala. Uz ogledalo dobijate ra\u010dun I garantni list.<\/p>\r\n<p style=\"font-weight: 400\">Rok izrade ogledala Rok izrade ogledala 8-12 radnih dana.<\/p>\r\n\r\n<\/div>","_et_gb_content_width":""},"product_brand":[],"product_cat":[45],"product_tag":[],"class_list":{"0":"post-25052870","1":"product","2":"type-product","3":"status-publish","4":"has-post-thumbnail","6":"product_cat-led-custom-mirrors","7":"pa_boja-led-svetla-cold-white-6000k","8":"pa_boja-led-svetla-neutral-white-4000k","9":"pa_boja-led-svetla-warm-white-3000k","10":"pa_prekidac-senzor-classic-switch-existing-switch-in-the-room-din-0","12":"first","13":"instock","14":"shipping-taxable","15":"purchasable","16":"product-type-simple"},"_links":{"self":[{"href":"https:\/\/vlamix.com\/en\/wp-json\/wp\/v2\/product\/25052870","targetHints":{"allow":["GET"]}}],"collection":[{"href":"https:\/\/vlamix.com\/en\/wp-json\/wp\/v2\/product"}],"about":[{"href":"https:\/\/vlamix.com\/en\/wp-json\/wp\/v2\/types\/product"}],"wp:featuredmedia":[{"embeddable":true,"href":"https:\/\/vlamix.com\/en\/wp-json\/wp\/v2\/media\/25052874"}],"wp:attachment":[{"href":"https:\/\/vlamix.com\/en\/wp-json\/wp\/v2\/media?parent=25052870"}],"wp:term":[{"taxonomy":"product_brand","embeddable":true,"href":"https:\/\/vlamix.com\/en\/wp-json\/wp\/v2\/product_brand?post=25052870"},{"taxonomy":"product_cat","embeddable":true,"href":"https:\/\/vlamix.com\/en\/wp-json\/wp\/v2\/product_cat?post=25052870"},{"taxonomy":"product_tag","embeddable":true,"href":"https:\/\/vlamix.com\/en\/wp-json\/wp\/v2\/product_tag?post=25052870"}],"curies":[{"name":"wp","href":"https:\/\/api.w.org\/{rel}","templated":true}]}}